{"id":100,"date":"2021-02-04T21:48:42","date_gmt":"2021-02-04T20:48:42","guid":{"rendered":"http:\/\/people.fberg.tuke.sk\/samov\/?page_id=100"},"modified":"2021-02-05T11:07:15","modified_gmt":"2021-02-05T10:07:15","slug":"minnesota-pete","status":"publish","type":"page","link":"https:\/\/people.fberg.tuke.sk\/samov\/index.php\/minnesota-pete\/","title":{"rendered":"Minnesota Pete"},"content":{"rendered":"<p><img style=\"width: 250px; height: 291px; float: left; margin-right: 1em\" alt=\"Minnesota Pete\" src=\"http:\/\/people.fberg.tuke.sk\/samov\/wp-content\/uploads\/2021\/02\/peto.jpeg\"><\/p>\n<p>Narodil sa v&nbsp;roku 1840 v&nbsp;rodine extr\u00e9mne chudobn\u00e9ho farm\u00e1ra z&nbsp;Wisconsinu. Cel\u00e9 detstvo pre\u017eil v&nbsp;\u0165a\u017ek\u00fdch podmienkach hlbok\u00fdch Wisconsinsk\u00fdch lesov. Jeho otec nezvl\u00e1dol \u0165a\u017ek\u00fa situ\u00e1ciu a&nbsp;dal sa na pijatiku. Netrvalo dlho a&nbsp;rodine sa za\u010dalo peklo.<\/p>\n<p>V&nbsp;roku 1854 sa otec upil na smr\u0165 a&nbsp;matka nevl\u00e1dala \u017eivi\u0165 4&nbsp;deti. Nezost\u00e1valo ni\u010d in\u00e9 ako da\u0165 ich do u\u010denia. Dvaja brata odch\u00e1dzaj\u00fa do St.Paul v&nbsp;Minnesote pracova\u0165 do drevn\u00fdch skladov. Tam v\u0161ak Pete v\u010faka svojej \u00fatlej\u0161ej postave dlho nevydr\u017eal. Domov sa neodv\u00e1\u017eil vr\u00e1ti\u0165 a&nbsp;tak mu nezost\u00e1valo ni\u010d in\u00e9 ako robi\u0165 \u010da\u0161n\u00edka v&nbsp;r\u00f4znych kr\u010dm\u00e1ch a&nbsp;saloonoch. P\u00e1r rokov sa pret\u013akal pomedzi spodinou z&nbsp;baru do baru, z&nbsp;dielne do dielne a\u017e sa kone\u010dne v&nbsp;roku 1858 dostal do vojenskej kant\u00edny v&nbsp;pevnosti Snelling. Cel\u00e9 roky sa d\u00edval z&nbsp;pr\u00edstav\u00edsk a&nbsp;kr\u010dmi\u010diek na bralo Fort Snellingu, kone\u010dne sa splnil jeho sen. U\u017e to nebol oby\u010dajn\u00fd \u010da\u0161n\u00edk, u\u017e to bol pomocn\u00edk vo vojenskej pevnosti.<\/p>\n<p>Ani nie po roku odhodil \u010da\u0161n\u00edcku z\u00e1steru a&nbsp;obliekol si modr\u00fd kab\u00e1t. Jeho \u017eivot sa v\u00fdrazne zmenil, arm\u00e1da v&nbsp;\u0148om prebudila aj jeho zl\u00e9 vlastnosti. Dlh\u00e9 alkoholov\u00e9 ve\u010dery, krut\u00e9 n\u00e1jazdy do obchodn\u00edckych stan\u00edc, ale hlavne sila zbran\u00ed, to v\u0161etko sa podp\u00edsalo na jeho povahe. Do vypuknutia ob\u010dianskej vojny zabezpe\u010dovali vojaci z&nbsp;Ft.Snelling chod obchodn\u00fdch stan\u00edc a&nbsp;indi\u00e1nskych agent\u00far. V&nbsp;roku 1860 bol prevelen\u00fd do pevnosti Rigley, hlboko v&nbsp;indi\u00e1nskom \u00fazem\u00ed. Tu u\u017e nevl\u00e1dla atmosf\u00e9ra pokoja ako vo Ft.Snelling. Slu\u017eba na indi\u00e1nskom \u00fazem\u00ed nebola \u017eiadna sranda. Pete to dobre vedel a&nbsp;obrnil sa silnou nen\u00e1vis\u0165ou vo\u010di v\u0161etk\u00fdm indi\u00e1nom. Po vypuknut\u00ed ob\u010dianskej vojny si podal \u017eiados\u0165 u&nbsp;prv\u00e9ho Minnesotsk\u00e9ho dobrovo\u013en\u00edckeho pluku. T\u00e1 v\u0161ak bola zamietnut\u00e1 s&nbsp;t\u00fdm \u017ee on u\u017e vojak je a&nbsp;jeho velitelia potrebuj\u00fa ka\u017ed\u00e9ho mu\u017ea. Odchod z&nbsp;indi\u00e1nskeho \u00fazemia sa teda nekonal. Do roku 1862 rie\u0161ili vojaci z&nbsp;Fort Ridgley neut\u00edchaj\u00face indi\u00e1nske roztr\u017eky, jednalo sa v\u0161ak v\u017edy len o&nbsp;banality. Situ\u00e1cia sa zna\u010dne skomplikovala v&nbsp;auguste 1862, ke\u010f sa Santeesky Siouxovia vzb\u00farili a&nbsp;behom p\u00e1r dn\u00ed zmasakrovali 700 osadn\u00edkov. Trikr\u00e1t napadli indi\u00e1ni Malej Vrany Fort Ridgley a&nbsp;Pete kone\u010dne spoznal \u0161ialenstvo vojny. Pevnos\u0165 sa s\u00edce ubr\u00e1nila, ale besnenie pokra\u010dovalo, indi\u00e1ni vyp\u00e1lili mesto New Ulm a&nbsp;v&nbsp;Minnesote sa strhlo naozajstn\u00e9 peklo. 26.augusta dorazila do Ridgley 1400 \u010dlenn\u00e1 pos\u00e1dka zo St.Paul. Viedol ju \u201edlh\u00fd kupec\u201c, b\u00fdval\u00fd guvern\u00e9r, gener\u00e1l Henry Hastings Sibley. Obrancovia Ft.Ridgley sa pridali k&nbsp;Sibleyov\u00fdm vojakom a&nbsp;pustili sa za Malou Vranou. Po nieko\u013ek\u00fdch v\u00ed\u0165azn\u00fdch bitk\u00e1ch sa indi\u00e1ni vzdali. Tak skon\u010dilo sl\u00e1vne Minnesotsk\u00e9 povstanie. Pete sa rozhodol skoncova\u0165 s&nbsp;Minnesotsk\u00fdm dobrodru\u017estvom a&nbsp;po troch rokoch slu\u017eby odch\u00e1dza z&nbsp;Minnesoty a&nbsp;vracia sa do Wisconsinu. Tam ho v\u0161ak ne\u010dak\u00e1 ni\u010d. Farma a&nbsp;rodina zmizla nevedno kam a&nbsp;Peteovi nezostalo ni\u010d in\u00e9, len od\u00eds\u0165 z&nbsp;tejto prekliatej zeme.<\/p>\n<p>Precestoval naprie\u010d cel\u00fd Wisconsin, aby sa dostal do Milwaukee a&nbsp;tam sa nechal zverbova\u0165 do 26.Wisconsinsk\u00e9ho regimentu. \u010ealeko od zlej minulosti a&nbsp;krut\u00fdch spomienok sk\u00fasil n\u00e1js\u0165 v&nbsp;boji za slobodu \u00fato\u010disko pred sk\u013eu\u010duj\u00facimi spomienkami z&nbsp;Minnesoty, kde sa aj v\u010faka nemu skon\u010dil sen jedn\u00e9ho n\u00e1roda. Do Virginie dorazil Pete tesne po Fredericksburgskej bitke. Tam sa nahl\u00e1sil a&nbsp;nast\u00fapil slu\u017ebu v&nbsp;Krzyzanovk\u00e9ho brig\u00e1de.<\/p>\n","protected":false},"excerpt":{"rendered":"<p>Narodil sa v&nbsp;roku 1840 v&nbsp;rodine extr\u00e9mne chudobn\u00e9ho farm\u00e1ra z&nbsp;Wisconsinu. Cel\u00e9 detstvo pre\u017eil v&nbsp;\u0165a\u017ek\u00fdch podmienkach hlbok\u00fdch Wisconsinsk\u00fdch lesov. Jeho otec nezvl\u00e1dol \u0165a\u017ek\u00fa situ\u00e1ciu a&nbsp;dal sa na pijatiku. Netrvalo dlho a&nbsp;rodine sa za\u010dalo peklo. V&nbsp;roku 1854 sa otec upil na smr\u0165 a&nbsp;matka nevl\u00e1dala \u017eivi\u0165 4&nbsp;deti. Nezost\u00e1valo ni\u010d in\u00e9 ako da\u0165 ich do u\u010denia. Dvaja brata odch\u00e1dzaj\u00fa do&hellip; <a class=\"more-link\" href=\"https:\/\/people.fberg.tuke.sk\/samov\/index.php\/minnesota-pete\/\">Continue reading <span class=\"screen-reader-text\">Minnesota Pete<\/span><\/a><\/p>\n","protected":false},"author":1,"featured_media":0,"parent":0,"menu_order":0,"comment_status":"closed","ping_status":"closed","template":"","meta":{"ngg_post_thumbnail":0},"_links":{"self":[{"href":"https:\/\/people.fberg.tuke.sk\/samov\/index.php\/wp-json\/wp\/v2\/pages\/100"}],"collection":[{"href":"https:\/\/people.fberg.tuke.sk\/samov\/index.php\/wp-json\/wp\/v2\/pages"}],"about":[{"href":"https:\/\/people.fberg.tuke.sk\/samov\/index.php\/wp-json\/wp\/v2\/types\/page"}],"author":[{"embeddable":true,"href":"https:\/\/people.fberg.tuke.sk\/samov\/index.php\/wp-json\/wp\/v2\/users\/1"}],"replies":[{"embeddable":true,"href":"https:\/\/people.fberg.tuke.sk\/samov\/index.php\/wp-json\/wp\/v2\/comments?post=100"}],"version-history":[{"count":6,"href":"https:\/\/people.fberg.tuke.sk\/samov\/index.php\/wp-json\/wp\/v2\/pages\/100\/revisions"}],"predecessor-version":[{"id":163,"href":"https:\/\/people.fberg.tuke.sk\/samov\/index.php\/wp-json\/wp\/v2\/pages\/100\/revisions\/163"}],"wp:attachment":[{"href":"https:\/\/people.fberg.tuke.sk\/samov\/index.php\/wp-json\/wp\/v2\/media?parent=100"}],"curies":[{"name":"wp","href":"https:\/\/api.w.org\/{rel}","templated":true}]}}