{"id":144,"date":"2021-02-05T08:14:34","date_gmt":"2021-02-05T07:14:34","guid":{"rendered":"http:\/\/people.fberg.tuke.sk\/samov\/?page_id=144"},"modified":"2021-02-06T19:15:43","modified_gmt":"2021-02-06T18:15:43","slug":"my-v-mediach","status":"publish","type":"page","link":"https:\/\/people.fberg.tuke.sk\/samov\/index.php\/my-v-mediach\/","title":{"rendered":"My a m\u00e9di\u00e1"},"content":{"rendered":"<p><a href=\"https:\/\/www.telke.sk\/2020\/10\/26\/tajomstva-archivov-evanjelici-v-kosiciach\/\" target=\"_blank\" rel=\"noopener\">Tajomstv\u00e1 arch\u00edvov \u2013 Evanjelici v Ko\u0161iciach: telKE, 26.10.2020, online video<\/a><\/p>\n<p><a href=\"https:\/\/kosice.korzar.sme.sk\/c\/22192273\/v-obrazoch-odhalenie-pamatnej-tabule-ondreja-gallika-gallfyho.html\" target=\"_blank\" rel=\"noopener\">V obrazoch: Odhalenie pam\u00e4tnej tabule Andreja G\u00e1llfyho &#8211; Gallika: korzar.sme.sk, 18.8.2019, online dokument<\/a><\/p>\n<p><a href=\"https:\/\/korzar.sme.sk\/c\/22191419\/gallik-je-pochovany-na-zdevastovanom-evanjelickom-cintorine.html\" target=\"_blank\" rel=\"noopener\">Gallik je pochovan\u00fd na zdevastovanom evanjelickom cintor\u00edne: korzar.sme.sk, 17.8.2019, online dokument<\/a><\/p>\n<p><a href=\"https:\/\/korzar.sme.sk\/c\/22191383\/bojoval-v-americkej-obcianskej-vojne-kosicanovi-gallikovi-odhalia-pamatnu-tabulu.html\" target=\"_blank\" rel=\"noopener\">Bojoval v americkej ob\u010dianskej vojne. Ko\u0161i\u010danovi Gallikovi odhalia pam\u00e4tn\u00fa tabu\u013eu: korzar.sme.sk, 16.8.2019, online dokument<\/a><\/p>\n<p><a href=\"http:\/\/people.fberg.tuke.sk\/samov\/wp-content\/uploads\/2021\/02\/clanok_vecer-080815-scaled.jpg\" target=\"_blank\" rel=\"noopener\">V\u00e1\u0161e\u0148 pre zbrane a uniformy im \u010dasto rozb\u00edja man\u017eelstv\u00e1: Ve\u010der, 15.8.2008, k\u00f3pia novinov\u00e9ho \u010dl\u00e1nku (*.jpg)<\/a><\/p>\n","protected":false},"excerpt":{"rendered":"<p>Tajomstv\u00e1 arch\u00edvov \u2013 Evanjelici v Ko\u0161iciach: telKE, 26.10.2020, online video V obrazoch: Odhalenie pam\u00e4tnej tabule Andreja G\u00e1llfyho &#8211; Gallika: korzar.sme.sk, 18.8.2019, online dokument Gallik je pochovan\u00fd na zdevastovanom evanjelickom cintor\u00edne: korzar.sme.sk, 17.8.2019, online dokument Bojoval v americkej ob\u010dianskej vojne. Ko\u0161i\u010danovi Gallikovi odhalia pam\u00e4tn\u00fa tabu\u013eu: korzar.sme.sk, 16.8.2019, online dokument V\u00e1\u0161e\u0148 pre zbrane a uniformy im \u010dasto&hellip; <a class=\"more-link\" href=\"https:\/\/people.fberg.tuke.sk\/samov\/index.php\/my-v-mediach\/\">Continue reading <span class=\"screen-reader-text\">My a m\u00e9di\u00e1<\/span><\/a><\/p>\n","protected":false},"author":1,"featured_media":0,"parent":0,"menu_order":0,"comment_status":"closed","ping_status":"closed","template":"","meta":{"ngg_post_thumbnail":0},"_links":{"self":[{"href":"https:\/\/people.fberg.tuke.sk\/samov\/index.php\/wp-json\/wp\/v2\/pages\/144"}],"collection":[{"href":"https:\/\/people.fberg.tuke.sk\/samov\/index.php\/wp-json\/wp\/v2\/pages"}],"about":[{"href":"https:\/\/people.fberg.tuke.sk\/samov\/index.php\/wp-json\/wp\/v2\/types\/page"}],"author":[{"embeddable":true,"href":"https:\/\/people.fberg.tuke.sk\/samov\/index.php\/wp-json\/wp\/v2\/users\/1"}],"replies":[{"embeddable":true,"href":"https:\/\/people.fberg.tuke.sk\/samov\/index.php\/wp-json\/wp\/v2\/comments?post=144"}],"version-history":[{"count":5,"href":"https:\/\/people.fberg.tuke.sk\/samov\/index.php\/wp-json\/wp\/v2\/pages\/144\/revisions"}],"predecessor-version":[{"id":325,"href":"https:\/\/people.fberg.tuke.sk\/samov\/index.php\/wp-json\/wp\/v2\/pages\/144\/revisions\/325"}],"wp:attachment":[{"href":"https:\/\/people.fberg.tuke.sk\/samov\/index.php\/wp-json\/wp\/v2\/media?parent=144"}],"curies":[{"name":"wp","href":"https:\/\/api.w.org\/{rel}","templated":true}]}}