{"id":15,"date":"2021-02-04T13:13:12","date_gmt":"2021-02-04T12:13:12","guid":{"rendered":"http:\/\/people.fberg.tuke.sk\/samov\/?page_id=15"},"modified":"2022-02-09T08:15:17","modified_gmt":"2022-02-09T07:15:17","slug":"create-your-website-with-blocks","status":"publish","type":"page","link":"https:\/\/people.fberg.tuke.sk\/samov\/","title":{"rendered":"O n\u00e1s"},"content":{"rendered":"<p style=\"text-align: center;\">Cie\u013eom n\u00e1\u0161ho spolku je \u0161tudova\u0165 hist\u00f3riu americkej ob\u010dianskej vojny a vtedaj\u0161\u00ed \u017eivot skuto\u010dne pre\u017ei\u0165 na vojensk\u00fdch akci\u00e1ch a rekon\u0161trukci\u00e1ch bojov. Na akci\u00e1ch sa sna\u017e\u00edme o&nbsp;\u010do najvernej\u0161ie napodobenie t\u00e1borov\u00e9ho \u017eivota, v\u00fdzbroja a v\u00fdstroja. Po\u010d\u00favame dobov\u00fa hudbu, u\u010d\u00edme sa poradov\u00e9mu v\u00fdcviku, taktike boja a gentlemansk\u00e9mu spr\u00e1vaniu sa v\u00fdzna\u010dn\u00e9mu \u013eu\u010fom tej doby.<\/p>\n<p style=\"text-align: center;\">Dvere n\u00e1\u0161ho spolku s\u00fa otvoren\u00e9 v\u0161etk\u00fdm \u013eu\u010fom, ktor\u00ed sa zauj\u00edmaj\u00fa alebo sa chc\u00fa v\u00e1\u017ene zauj\u00edma\u0165 o&nbsp;toto kr\u00e1sne obdobie.<\/p>\n","protected":false},"excerpt":{"rendered":"<p>Cie\u013eom n\u00e1\u0161ho spolku je \u0161tudova\u0165 hist\u00f3riu americkej ob\u010dianskej vojny a vtedaj\u0161\u00ed \u017eivot skuto\u010dne pre\u017ei\u0165 na vojensk\u00fdch akci\u00e1ch a rekon\u0161trukci\u00e1ch bojov. Na akci\u00e1ch sa sna\u017e\u00edme o&nbsp;\u010do najvernej\u0161ie napodobenie t\u00e1borov\u00e9ho \u017eivota, v\u00fdzbroja a v\u00fdstroja. Po\u010d\u00favame dobov\u00fa hudbu, u\u010d\u00edme sa poradov\u00e9mu v\u00fdcviku, taktike boja a gentlemansk\u00e9mu spr\u00e1vaniu sa v\u00fdzna\u010dn\u00e9mu \u013eu\u010fom tej doby. Dvere n\u00e1\u0161ho spolku s\u00fa otvoren\u00e9 v\u0161etk\u00fdm&hellip; <a class=\"more-link\" href=\"https:\/\/people.fberg.tuke.sk\/samov\/\">Continue reading <span class=\"screen-reader-text\">O n\u00e1s<\/span><\/a><\/p>\n","protected":false},"author":1,"featured_media":0,"parent":0,"menu_order":0,"comment_status":"closed","ping_status":"closed","template":"","meta":{"ngg_post_thumbnail":0},"_links":{"self":[{"href":"https:\/\/people.fberg.tuke.sk\/samov\/index.php\/wp-json\/wp\/v2\/pages\/15"}],"collection":[{"href":"https:\/\/people.fberg.tuke.sk\/samov\/index.php\/wp-json\/wp\/v2\/pages"}],"about":[{"href":"https:\/\/people.fberg.tuke.sk\/samov\/index.php\/wp-json\/wp\/v2\/types\/page"}],"author":[{"embeddable":true,"href":"https:\/\/people.fberg.tuke.sk\/samov\/index.php\/wp-json\/wp\/v2\/users\/1"}],"replies":[{"embeddable":true,"href":"https:\/\/people.fberg.tuke.sk\/samov\/index.php\/wp-json\/wp\/v2\/comments?post=15"}],"version-history":[{"count":19,"href":"https:\/\/people.fberg.tuke.sk\/samov\/index.php\/wp-json\/wp\/v2\/pages\/15\/revisions"}],"predecessor-version":[{"id":2119,"href":"https:\/\/people.fberg.tuke.sk\/samov\/index.php\/wp-json\/wp\/v2\/pages\/15\/revisions\/2119"}],"wp:attachment":[{"href":"https:\/\/people.fberg.tuke.sk\/samov\/index.php\/wp-json\/wp\/v2\/media?parent=15"}],"curies":[{"name":"wp","href":"https:\/\/api.w.org\/{rel}","templated":true}]}}