{"id":33,"date":"2021-02-04T13:15:41","date_gmt":"2021-02-04T12:15:41","guid":{"rendered":"http:\/\/people.fberg.tuke.sk\/samov\/?page_id=33"},"modified":"2021-02-05T11:08:50","modified_gmt":"2021-02-05T10:08:50","slug":"nasa-historia","status":"publish","type":"page","link":"https:\/\/people.fberg.tuke.sk\/samov\/index.php\/nasa-historia\/","title":{"rendered":"Na\u0161a hist\u00f3ria"},"content":{"rendered":"<p>Za\u010diatky ob\u010dianskeho zdru\u017eenia S.A.M.O.V. siahaj\u00fa niekde do roku 2001, ke\u010f nieko\u013eko nad\u0161encov o&nbsp;hist\u00f3riu obdobia americkej ob\u010dianskej vojny 1861-1865 sa rozhodlo zalo\u017ei\u0165 spolok St\u00fapencov americkej ob\u010dianskej vojny. Hlavnou aktivitou bolo z\u00fa\u010dast\u0148ova\u0165 sa akci\u00ed zameran\u00fdch na rekon\u0161trukciu \u017eivota v&nbsp;tomto obdob\u00ed. Na tie chodievali okrem Slovenska aj do okolit\u00fdch kraj\u00edn, najm\u00e4 do \u010ciech a Rak\u00faska.<\/p>\n<div align=\"center\"><img src=\"http:\/\/people.fberg.tuke.sk\/samov\/wp-content\/uploads\/2021\/02\/rekonstrukcia-cr.jpg\" alt=\"\"><i>Rekon\u0161trukcia bojov v&nbsp;\u010ceskej republike<\/i><\/div>\n<p>Na t\u00fdchto akci\u00e1ch sa dostali do povedomia aj americkej ambas\u00e1dy. T\u00e1to ich v&nbsp;roku 2005 pozvala do svojej rezidencie v&nbsp;Bratislave na stretnutie s&nbsp;profesorom z&nbsp;Texaskej univerzity p\u00e1nom Gary A.&nbsp;Nolandom.<\/p>\n<div align=\"center\"><img src=\"http:\/\/people.fberg.tuke.sk\/samov\/wp-content\/uploads\/2021\/02\/noland.jpg\" alt=\"\"><i>\u010clenovia S.A.M.O.V., v&nbsp;strede ve\u013evyslanec p.&nbsp;Scott N.Thayer<\/i><\/div>\n<p>S&nbsp;Krajsk\u00fdm pamiatkov\u00fdm \u00faradom Ko\u0161ice a tie\u017e s&nbsp;americkou ambas\u00e1dou spolupracovali na z\u00e1chrane evanjelick\u00e9ho cintor\u00edna na \u017driedlovej ulici v&nbsp;Ko\u0161iciach. Na tomto cintor\u00edne \u00fa\u010dinkovali aj pri Potulk\u00e1ch mestom.<\/p>\n<div align=\"center\"><img src=\"http:\/\/people.fberg.tuke.sk\/samov\/wp-content\/uploads\/2021\/02\/potulky.png\" alt=\"\"><i>Potulky mestom, priestor evanjelick\u00e9ho cintor\u00edna na \u017driedlovej ulici<\/i><\/div>\n<p>V&nbsp;roku 2014 sa z\u00fa\u010dastnili na oslav\u00e1ch 10.v\u00fdro\u010dia zalo\u017eenia InfoUSA centra v&nbsp;Ko\u0161iciach. Pri tejto pr\u00edle\u017eitosti sa stretli aj s&nbsp;ve\u013evyslancom USA H.E.&nbsp;Theodoreom Sedgwickom.<\/p>\n<div align=\"center\"><img src=\"http:\/\/people.fberg.tuke.sk\/samov\/wp-content\/uploads\/2021\/02\/infoUSA.jpg\" alt=\"\"><i>S.A.M.O.V., v&nbsp;strede ve\u013evyslanec USA H.E.&nbsp;Theodore Sedgwick<\/i><\/div>\n<p>Na tomto stretnut\u00ed obozn\u00e1mili ve\u013evyslanca o&nbsp;obyvate\u013eovi Ko\u0161\u00edc, ktor\u00fd sa priamo z\u00fa\u010dastnil v\u00fdznamn\u00fdch bojov v&nbsp;americkej ob\u010dianskej vojne, majorovi Ondrejovi G\u00e1likovi, ktor\u00fd je pochovan\u00fd na spom\u00ednanom evanjelickom cintor\u00edne.<\/p>\n<div align=\"center\"><img src=\"http:\/\/people.fberg.tuke.sk\/samov\/wp-content\/uploads\/2021\/02\/sedgwick.jpg\" alt=\"\"><i>Ve\u013evyslanec USA H.E. Theodore Sedgwick sa oboznamuje s&nbsp;osobnos\u0165ou mjr.&nbsp;O.G\u00e1lika<\/i><\/div>\n<p>V&nbsp;roku 2018 sa spolok S.A.M.O.V. zaregistroval ako ob\u010dianske zdru\u017eenie. Cie\u013eom bolo odhalenie pam\u00e4tnej tabule majorovi Ondrejovi G\u00e1likovi v&nbsp;Ko\u0161iciach na dome, kde \u017eil. Uveden\u00fd me\u0161tiansky dom sa nach\u00e1dza na Al\u017ebetinej ulici \u010d\u00edslo 16.<\/p>\n<div align=\"center\"><img src=\"http:\/\/people.fberg.tuke.sk\/samov\/wp-content\/uploads\/2021\/02\/tabula-galik.jpg\" alt=\"\"><i>Odhalenie pam\u00e4tnej tabule majorovi Ondrejovi G\u00e1likovi<\/i><\/div>\n<p>Ako sprievodn\u00fd program k&nbsp;tejto udalosti bolo usporiadanie uk\u00e1\u017eky rekon\u0161trukcie bitky o&nbsp;pevnos\u0165 Morgan, ktorej sa z\u00fa\u010dastnil aj mjr. G\u00e1lik. Toto podujatie bolo realizovan\u00e9 v&nbsp;Are\u00e1li zdravia v&nbsp;\u010cerme\u013eskom \u00fadol\u00ed za spolupr\u00e1ce s&nbsp;OZ Detsk\u00e1 \u017eeleznica Ko\u0161ice.<\/p>\n<div align=\"center\"><img src=\"http:\/\/people.fberg.tuke.sk\/samov\/wp-content\/uploads\/2021\/02\/cermel.jpg\" alt=\"\"><i>Po\u010das rekon\u0161trukcie bitky o&nbsp;pevnos\u0165 Morgan<\/i><\/div>\n<p>V s\u00fa\u010dasnosti zdru\u017eenie popri svojich aktivit\u00e1ch \u010falej spolupracuje na z\u00e1chrane miesta posledn\u00e9ho odpo\u010dinku majora Ondreja G\u00e1lika.<\/p>\n","protected":false},"excerpt":{"rendered":"<p>Za\u010diatky ob\u010dianskeho zdru\u017eenia S.A.M.O.V. siahaj\u00fa niekde do roku 2001, ke\u010f nieko\u013eko nad\u0161encov o&nbsp;hist\u00f3riu obdobia americkej ob\u010dianskej vojny 1861-1865 sa rozhodlo zalo\u017ei\u0165 spolok St\u00fapencov americkej ob\u010dianskej vojny. Hlavnou aktivitou bolo z\u00fa\u010dast\u0148ova\u0165 sa akci\u00ed zameran\u00fdch na rekon\u0161trukciu \u017eivota v&nbsp;tomto obdob\u00ed. Na tie chodievali okrem Slovenska aj do okolit\u00fdch kraj\u00edn, najm\u00e4 do \u010ciech a Rak\u00faska. Rekon\u0161trukcia bojov v&nbsp;\u010ceskej&hellip; <a class=\"more-link\" href=\"https:\/\/people.fberg.tuke.sk\/samov\/index.php\/nasa-historia\/\">Continue reading <span class=\"screen-reader-text\">Na\u0161a hist\u00f3ria<\/span><\/a><\/p>\n","protected":false},"author":1,"featured_media":0,"parent":0,"menu_order":0,"comment_status":"closed","ping_status":"closed","template":"","meta":{"ngg_post_thumbnail":0},"_links":{"self":[{"href":"https:\/\/people.fberg.tuke.sk\/samov\/index.php\/wp-json\/wp\/v2\/pages\/33"}],"collection":[{"href":"https:\/\/people.fberg.tuke.sk\/samov\/index.php\/wp-json\/wp\/v2\/pages"}],"about":[{"href":"https:\/\/people.fberg.tuke.sk\/samov\/index.php\/wp-json\/wp\/v2\/types\/page"}],"author":[{"embeddable":true,"href":"https:\/\/people.fberg.tuke.sk\/samov\/index.php\/wp-json\/wp\/v2\/users\/1"}],"replies":[{"embeddable":true,"href":"https:\/\/people.fberg.tuke.sk\/samov\/index.php\/wp-json\/wp\/v2\/comments?post=33"}],"version-history":[{"count":9,"href":"https:\/\/people.fberg.tuke.sk\/samov\/index.php\/wp-json\/wp\/v2\/pages\/33\/revisions"}],"predecessor-version":[{"id":165,"href":"https:\/\/people.fberg.tuke.sk\/samov\/index.php\/wp-json\/wp\/v2\/pages\/33\/revisions\/165"}],"wp:attachment":[{"href":"https:\/\/people.fberg.tuke.sk\/samov\/index.php\/wp-json\/wp\/v2\/media?parent=33"}],"curies":[{"name":"wp","href":"https:\/\/api.w.org\/{rel}","templated":true}]}}