{"id":51,"date":"2021-02-04T20:30:54","date_gmt":"2021-02-04T19:30:54","guid":{"rendered":"http:\/\/people.fberg.tuke.sk\/samov\/?page_id=51"},"modified":"2022-05-30T12:23:54","modified_gmt":"2022-05-30T10:23:54","slug":"reenactment","status":"publish","type":"page","link":"https:\/\/people.fberg.tuke.sk\/samov\/index.php\/reenactment\/","title":{"rendered":"Reenactment"},"content":{"rendered":"<ul>\n<li><a href=\"http:\/\/drillnet.net\/\" target=\"_blank\" rel=\"noreferrer noopener\">The Drill Network<\/a><\/li>\n<ul>\n<li><a href=\"http:\/\/people.fberg.tuke.sk\/samov\/wp-content\/uploads\/GilhamsVsHardees.pdf\" target=\"_blank\" rel=\"noreferrer noopener\">School of the Soldier: Gilham\u2019s Manual vs Hardee\u2019s Revised Manual (<i>*.pdf<\/i>)<\/a><\/li>\n<li><a href=\"https:\/\/www.youtube.com\/watch?v=IqhJioy8kxA\" target=\"_blank\" rel=\"noreferrer noopener\">Gilham&#8217;s Manual Of Arms (<i>youtube<\/i>)<\/a><\/li>\n<li><a href=\"https:\/\/www.youtube.com\/watch?v=sYvpwAo0Hkk\" target=\"_blank\" rel=\"noreferrer noopener\">Gilham&#8217;s Manual Loading (<i>youtube<\/i>)<\/a> opravn\u00e9 video: <a href=\"https:\/\/www.youtube.com\/watch?v=iObR3b8hDCI\" target=\"_blank\" rel=\"noreferrer noopener\">Drawing Rammers (<i>youtube<\/i>)<\/a><\/li>\n<li><a href=\"https:\/\/www.youtube.com\/watch?v=-Cg7mrTY7hY\" target=\"_blank\" rel=\"noreferrer noopener\">Gilham&#8217;s Bayonet (<i>youtube<\/i>)<\/a><\/li>\n<\/ul>\n<li><a href=\"http:\/\/people.fberg.tuke.sk\/samov\/wp-content\/uploads\/cartridgetubes.pdf\" target=\"_blank\" rel=\"noreferrer noopener\">Authentic Cartridges for Reenactors (<i>*.pdf 18,9 MB<\/i>)<\/a><\/li>\n<li><a href=\"http:\/\/www.csacurrency.com\/\" target=\"_blank\" rel=\"noreferrer noopener\">Bankovky, mince, zn\u00e1mky a oblig\u00e1cie CSA pou\u017eit\u00e9 po\u010das americkej ob\u010dianskej vojny (1861 &#8211; 1865)<\/a><\/li>\n<li><a href=\"https:\/\/sk.pinterest.com\/pin\/351914158363218821\/\" target=\"_blank\" rel=\"noopener\">25th Virginia Flag<\/a><\/li>\n<li><a href=\"http:\/\/people.fberg.tuke.sk\/samov\/index.php\/o-vlajkach\/\" data-type=\"URL\" data-id=\"http:\/\/people.fberg.tuke.sk\/samov\/index.php\/o-vlajkach\/\">O vlajk\u00e1ch<\/a><\/li>\n<\/ul>\n","protected":false},"excerpt":{"rendered":"<p>The Drill Network School of the Soldier: Gilham\u2019s Manual vs Hardee\u2019s Revised Manual (*.pdf) Gilham&#8217;s Manual Of Arms (youtube) Gilham&#8217;s Manual Loading (youtube) opravn\u00e9 video: Drawing Rammers (youtube) Gilham&#8217;s Bayonet (youtube) Authentic Cartridges for Reenactors (*.pdf 18,9 MB) Bankovky, mince, zn\u00e1mky a oblig\u00e1cie CSA pou\u017eit\u00e9 po\u010das americkej ob\u010dianskej vojny (1861 &#8211; 1865) 25th Virginia Flag&hellip; <a class=\"more-link\" href=\"https:\/\/people.fberg.tuke.sk\/samov\/index.php\/reenactment\/\">Continue reading <span class=\"screen-reader-text\">Reenactment<\/span><\/a><\/p>\n","protected":false},"author":1,"featured_media":0,"parent":0,"menu_order":0,"comment_status":"closed","ping_status":"closed","template":"","meta":{"ngg_post_thumbnail":0},"_links":{"self":[{"href":"https:\/\/people.fberg.tuke.sk\/samov\/index.php\/wp-json\/wp\/v2\/pages\/51"}],"collection":[{"href":"https:\/\/people.fberg.tuke.sk\/samov\/index.php\/wp-json\/wp\/v2\/pages"}],"about":[{"href":"https:\/\/people.fberg.tuke.sk\/samov\/index.php\/wp-json\/wp\/v2\/types\/page"}],"author":[{"embeddable":true,"href":"https:\/\/people.fberg.tuke.sk\/samov\/index.php\/wp-json\/wp\/v2\/users\/1"}],"replies":[{"embeddable":true,"href":"https:\/\/people.fberg.tuke.sk\/samov\/index.php\/wp-json\/wp\/v2\/comments?post=51"}],"version-history":[{"count":14,"href":"https:\/\/people.fberg.tuke.sk\/samov\/index.php\/wp-json\/wp\/v2\/pages\/51\/revisions"}],"predecessor-version":[{"id":2183,"href":"https:\/\/people.fberg.tuke.sk\/samov\/index.php\/wp-json\/wp\/v2\/pages\/51\/revisions\/2183"}],"wp:attachment":[{"href":"https:\/\/people.fberg.tuke.sk\/samov\/index.php\/wp-json\/wp\/v2\/media?parent=51"}],"curies":[{"name":"wp","href":"https:\/\/api.w.org\/{rel}","templated":true}]}}