{"id":89,"date":"2021-02-04T21:31:26","date_gmt":"2021-02-04T20:31:26","guid":{"rendered":"http:\/\/people.fberg.tuke.sk\/samov\/?page_id=89"},"modified":"2021-02-05T11:03:56","modified_gmt":"2021-02-05T10:03:56","slug":"charles-w-calafuss","status":"publish","type":"page","link":"https:\/\/people.fberg.tuke.sk\/samov\/index.php\/charles-w-calafuss\/","title":{"rendered":"Charles W. Calafuss"},"content":{"rendered":"<p><img style=\"width: 250px; height: 312px; float: left; margin-right: 1em\" src=\"http:\/\/people.fberg.tuke.sk\/samov\/wp-content\/uploads\/2021\/02\/charlie.jpeg\" alt=\"Charles W.Calafuss\"><\/p>\n<p>Charles W. Calafuss Narodil sa v&nbsp;roku 1831 pri meste\u010dku Kingswille v&nbsp;Ju\u017enej Karol\u00edne. Vyrastal na malej rodinnej farme, kde \u017eil zo svojimi rodi\u010dmi. Chodil do u\u010denia v&nbsp;kov\u00e1\u010dskej dielni v&nbsp;Pinewoode, kde sa nau\u010dil svojej zru\u010dnosti. V\u010faka svojej prchkej povahe sa dostal nieko\u013ekokr\u00e1t do sporu so z\u00e1konom.<\/p>\n<p>Po vyu\u010den\u00ed pracoval na rodinnej farme a&nbsp;sna\u017eil sa svoju rodinu dotiahnu\u0165 do vy\u0161\u0161ej spolo\u010dnosti. Jeho rodina vlastnila len dvoch otrokov, napriek tomu sa Charlie z\u00fa\u010dastnil ka\u017edej trestnej v\u00fdpravy na ute\u010den\u00fdch otrokov. Bol skvel\u00fd jazdec a&nbsp;v\u00fdborn\u00fd strelec, \u010do ho akoby predur\u010dovalo k&nbsp;slu\u017ebe v&nbsp;jazdectve.<\/p>\n<p>V&nbsp;roku 1859 sa zasn\u00fabil so sle\u010dnou Roshincovou ktor\u00e1 poch\u00e1dzala z&nbsp;pr\u00edsnej n\u00e1bo\u017eenskej rodiny. Mala skvel\u00fa v\u00fdchovu a&nbsp;bola to prav\u00e1 d\u00e1ma. Spolu si postavili mal\u00fa farmu poni\u017ee Congarrskej ba\u017einy. Koncom roku 1859 pracoval na Columbiskej \u017eeleznici.<\/p>\n<p>Divok\u00e1 krv a&nbsp;dobrodru\u017en\u00e1 myse\u013e ho v\u0161ak nenech\u00e1vala dlho pracova\u0165 na farme a&nbsp;na \u017eeleznici. E\u0161te pred vojnou sa dal zverbova\u0165 do Hamptonovej l\u00e9gie. Bol tvrd\u00fd zast\u00e1nca ju\u017eanskej nez\u00e1vislosti a&nbsp;preto len priv\u00edtal odtrhnutie Ju\u017enej Karol\u00edny od \u00fanie.<\/p>\n<p>Po vyhl\u00e1sen\u00ed konfeder\u00e1cie sa pridal k&nbsp;Prv\u00e9mu Juhokarol\u00ednskemu jazdeck\u00e9mu regimentu. Spolu s&nbsp;n\u00edm tam i\u0161li takmer v\u0161etci mu\u017ei z&nbsp;okolia Kingwille. Aj jeho brat sa vr\u00e1til z&nbsp;Missouri a&nbsp;pridal sa tie\u017e k&nbsp;tomu ist\u00e9mu regimentu. Jeho sn\u00fabenica ho z&nbsp;l\u00e1sky k&nbsp;nemu a&nbsp;k&nbsp;Ju\u017enej Karol\u00edne sprev\u00e1dzala ako jedna zo sanit\u00e1riek regimentu. Z\u00fa\u010dastnil sa takmer v\u0161etk\u00fdch \u0165a\u017een\u00ed, na ktor\u00fdch sa podie\u013eal Prv\u00fd Juhokarol\u00ednsky. V&nbsp;mnoh\u00fdch bitk\u00e1ch sa vyznamenal a&nbsp;pre jeho odvahu a&nbsp;\u010des\u0165 ho mnoh\u00ed obdivovali a&nbsp;uzn\u00e1vali.<\/p>\n","protected":false},"excerpt":{"rendered":"<p>Charles W. Calafuss Narodil sa v&nbsp;roku 1831 pri meste\u010dku Kingswille v&nbsp;Ju\u017enej Karol\u00edne. Vyrastal na malej rodinnej farme, kde \u017eil zo svojimi rodi\u010dmi. Chodil do u\u010denia v&nbsp;kov\u00e1\u010dskej dielni v&nbsp;Pinewoode, kde sa nau\u010dil svojej zru\u010dnosti. V\u010faka svojej prchkej povahe sa dostal nieko\u013ekokr\u00e1t do sporu so z\u00e1konom. Po vyu\u010den\u00ed pracoval na rodinnej farme a&nbsp;sna\u017eil sa svoju rodinu dotiahnu\u0165&hellip; <a class=\"more-link\" href=\"https:\/\/people.fberg.tuke.sk\/samov\/index.php\/charles-w-calafuss\/\">Continue reading <span class=\"screen-reader-text\">Charles W. Calafuss<\/span><\/a><\/p>\n","protected":false},"author":1,"featured_media":0,"parent":0,"menu_order":0,"comment_status":"closed","ping_status":"closed","template":"","meta":{"ngg_post_thumbnail":0},"_links":{"self":[{"href":"https:\/\/people.fberg.tuke.sk\/samov\/index.php\/wp-json\/wp\/v2\/pages\/89"}],"collection":[{"href":"https:\/\/people.fberg.tuke.sk\/samov\/index.php\/wp-json\/wp\/v2\/pages"}],"about":[{"href":"https:\/\/people.fberg.tuke.sk\/samov\/index.php\/wp-json\/wp\/v2\/types\/page"}],"author":[{"embeddable":true,"href":"https:\/\/people.fberg.tuke.sk\/samov\/index.php\/wp-json\/wp\/v2\/users\/1"}],"replies":[{"embeddable":true,"href":"https:\/\/people.fberg.tuke.sk\/samov\/index.php\/wp-json\/wp\/v2\/comments?post=89"}],"version-history":[{"count":11,"href":"https:\/\/people.fberg.tuke.sk\/samov\/index.php\/wp-json\/wp\/v2\/pages\/89\/revisions"}],"predecessor-version":[{"id":159,"href":"https:\/\/people.fberg.tuke.sk\/samov\/index.php\/wp-json\/wp\/v2\/pages\/89\/revisions\/159"}],"wp:attachment":[{"href":"https:\/\/people.fberg.tuke.sk\/samov\/index.php\/wp-json\/wp\/v2\/media?parent=89"}],"curies":[{"name":"wp","href":"https:\/\/api.w.org\/{rel}","templated":true}]}}