{"id":92,"date":"2021-02-04T21:36:24","date_gmt":"2021-02-04T20:36:24","guid":{"rendered":"http:\/\/people.fberg.tuke.sk\/samov\/?page_id=92"},"modified":"2021-02-05T11:13:08","modified_gmt":"2021-02-05T10:13:08","slug":"slavka-roshincova","status":"publish","type":"page","link":"https:\/\/people.fberg.tuke.sk\/samov\/index.php\/slavka-roshincova\/","title":{"rendered":"Slavka Roshincova"},"content":{"rendered":"<p><img style=\"width: 250px; height: 303px;  float: left; margin-right: 1em\" alt=\"Slavka Roshincova\" src=\"http:\/\/people.fberg.tuke.sk\/samov\/wp-content\/uploads\/2021\/02\/slavka.jpeg\"><\/p>\n<p>Narodila sa v&nbsp;meste Columbia v&nbsp;Ju\u017enej Karol\u00edne. Vyrastala v&nbsp;plant\u00e1\u017enickej rodine. Pr\u00edsne n\u00e1bo\u017eensky zalo\u017een\u00e9ho otca si v&nbsp;okol\u00ed nadov\u0161etko v\u00e1\u017eili. Miestnemu reverendovi dal postavi\u0165 kostol. Na svoje deti bol ve\u013emi py\u0161n\u00fd a&nbsp;od \u00fatleho detstva ich rozmazn\u00e1val. Nebolo ni\u010d v&nbsp;\u010dom by im nevyhovel. Mal\u00e1 Slavka mala kr\u00e1sne a&nbsp;bezstarostn\u00e9 detstvo. Jej matka jej zabezpe\u010dila vynikaj\u00facu v\u00fdchovu a&nbsp;otec kres\u0165ansk\u00fa vieru. U\u010dite\u013eka Narcissa si sle\u010dnu Slavku nato\u013eko ob\u013e\u00fabila, \u017ee jej svoje hodiny u&nbsp;nich doma poskytovala ka\u017ed\u00fd de\u0148. U\u017e ako mal\u00e9 diev\u010datko bola tich\u00e1 a&nbsp;skromn\u00e1, preto ke\u010f podr\u00e1stla, \u010dasto ju rodi\u010dia br\u00e1vali na r\u00f4zne spolo\u010densk\u00e9 stretnutia, plesy a&nbsp;b\u00e1ly, kde svojim vystupovan\u00edm zu\u0161\u013each\u0165ovala spolo\u010dnos\u0165. Bola ve\u013emi pekn\u00e1 a&nbsp;o jej priaze\u0148 sa mlad\u00ed mu\u017ei priam predbiehali. Ona v\u0161ak tieto zn\u00e1mosti brala s&nbsp;rezervou a&nbsp;s&nbsp;roztopa\u0161ou ich odmietala.<\/p>\n<p>A\u017e v&nbsp;jedno skor\u00e9 r\u00e1no sa so sestrou Kate vybrali na bri\u010dke k&nbsp;bl\u00edzkemu jazierku. Pr\u00e1ve vychutn\u00e1vali zur\u010danie pot\u00f4\u010dika a&nbsp;spev vt\u00e1\u010dikov, ke\u010f spoza stromov sa vynoril urasten\u00fd mlad\u00fd jazdec na koni. Volal sa Charles. V&nbsp;sle\u010dne Slavke sa nie\u010do pohlo. Pri poh\u013eade na nezn\u00e1meho mu\u017ea ju vn\u00fatro pr\u00edjemne hrialo a&nbsp;ke\u010f sa ich poh\u013eady stretli jej l\u00ed\u010dka sa zaliali rumelkou. Bola to ich osudov\u00e1 chv\u00ed\u013ea. Charles ur\u010dite pre\u017e\u00edval podobn\u00e9 pocity, preto\u017ee v&nbsp;roku 1859 sa spolu zasn\u00fabili. Otec sle\u010dny Roshincovej im v&nbsp;l\u00e1ske nebr\u00e1nil, aj ke\u010f Charles nebol presne z&nbsp;tej spolo\u010denskej vrstvy, ako ich rodina. Svoju dc\u00e9ru mal ve\u013emi r\u00e1d a&nbsp;bol \u0161\u0165astn\u00fd, \u017ee si na\u0161la svoju l\u00e1sku.<\/p>\n<p>Rodina Roshincov\u00e1 vlastnila v&nbsp;Texase haciendu v&nbsp;tesnom susedstve s&nbsp;Margaret Borland, ktor\u00e1 sama so svojimi mlad\u00fdmi synmi hnala st\u00e1do dobytka a\u017e do Kansasu. Na \u017eenu, ktor\u00e1 dok\u00e1zala vykon\u00e1va\u0165 mu\u017esk\u00fa pr\u00e1cu sa pozeralo s&nbsp;ve\u013ekou ned\u00f4verou. Sle\u010dne Slavke Roshincovej sa to ve\u013emi nep\u00e1\u010dilo a&nbsp;s&nbsp;prib\u00fadaj\u00facimi sk\u00fasenos\u0165ami nadob\u00fadala presved\u010denie, \u017ee s&nbsp;utl\u00e1\u010dan\u00edm \u017eien treba nie\u010do robi\u0165. So svojou sestrou Kate vst\u00fapila do spolku sufra\u017eetiek &#8211; bojovn\u00ed\u010diek za volebn\u00e9 pr\u00e1va \u017eien. Z\u00fa\u010dast\u0148ovala sa r\u00f4znych protestov, \u0161trajkov, \u010di naliehan\u00ed na vplyvn\u00fdch \u013eud\u00ed. No napriek jej kr\u00e1se a&nbsp;p\u00f4vabu nena\u0161la ve\u013ek\u00e9 porozumenie.<\/p>\n<p>Po vypuknut\u00ed ob\u010dianskej vojny nech\u00e1va toto svoje poslanie a&nbsp;z&nbsp;l\u00e1sky k&nbsp;svojmu mil\u00e9mu ho nasleduje na bojov\u00e9 polia ako sanit\u00e1rka.<\/p>\n","protected":false},"excerpt":{"rendered":"<p>Narodila sa v&nbsp;meste Columbia v&nbsp;Ju\u017enej Karol\u00edne. Vyrastala v&nbsp;plant\u00e1\u017enickej rodine. Pr\u00edsne n\u00e1bo\u017eensky zalo\u017een\u00e9ho otca si v&nbsp;okol\u00ed nadov\u0161etko v\u00e1\u017eili. Miestnemu reverendovi dal postavi\u0165 kostol. Na svoje deti bol ve\u013emi py\u0161n\u00fd a&nbsp;od \u00fatleho detstva ich rozmazn\u00e1val. Nebolo ni\u010d v&nbsp;\u010dom by im nevyhovel. Mal\u00e1 Slavka mala kr\u00e1sne a&nbsp;bezstarostn\u00e9 detstvo. Jej matka jej zabezpe\u010dila vynikaj\u00facu v\u00fdchovu a&nbsp;otec kres\u0165ansk\u00fa vieru. U\u010dite\u013eka&hellip; <a class=\"more-link\" href=\"https:\/\/people.fberg.tuke.sk\/samov\/index.php\/slavka-roshincova\/\">Continue reading <span class=\"screen-reader-text\">Slavka Roshincova<\/span><\/a><\/p>\n","protected":false},"author":1,"featured_media":0,"parent":0,"menu_order":0,"comment_status":"closed","ping_status":"closed","template":"","meta":{"ngg_post_thumbnail":0},"_links":{"self":[{"href":"https:\/\/people.fberg.tuke.sk\/samov\/index.php\/wp-json\/wp\/v2\/pages\/92"}],"collection":[{"href":"https:\/\/people.fberg.tuke.sk\/samov\/index.php\/wp-json\/wp\/v2\/pages"}],"about":[{"href":"https:\/\/people.fberg.tuke.sk\/samov\/index.php\/wp-json\/wp\/v2\/types\/page"}],"author":[{"embeddable":true,"href":"https:\/\/people.fberg.tuke.sk\/samov\/index.php\/wp-json\/wp\/v2\/users\/1"}],"replies":[{"embeddable":true,"href":"https:\/\/people.fberg.tuke.sk\/samov\/index.php\/wp-json\/wp\/v2\/comments?post=92"}],"version-history":[{"count":4,"href":"https:\/\/people.fberg.tuke.sk\/samov\/index.php\/wp-json\/wp\/v2\/pages\/92\/revisions"}],"predecessor-version":[{"id":169,"href":"https:\/\/people.fberg.tuke.sk\/samov\/index.php\/wp-json\/wp\/v2\/pages\/92\/revisions\/169"}],"wp:attachment":[{"href":"https:\/\/people.fberg.tuke.sk\/samov\/index.php\/wp-json\/wp\/v2\/media?parent=92"}],"curies":[{"name":"wp","href":"https:\/\/api.w.org\/{rel}","templated":true}]}}