{"id":94,"date":"2021-02-04T21:39:20","date_gmt":"2021-02-04T20:39:20","guid":{"rendered":"http:\/\/people.fberg.tuke.sk\/samov\/?page_id=94"},"modified":"2021-03-10T12:52:47","modified_gmt":"2021-03-10T11:52:47","slug":"geffy-2","status":"publish","type":"page","link":"https:\/\/people.fberg.tuke.sk\/samov\/index.php\/geffy-2\/","title":{"rendered":"Geffy"},"content":{"rendered":"<p><img style=\"width: 250px; height: 304px;  float: left; margin-right: 1em\" alt=\"Geffy\" src=\"http:\/\/people.fberg.tuke.sk\/samov\/wp-content\/uploads\/2021\/02\/geffy.jpeg\"><\/p>\n<p>Narodil sa v&nbsp;Hornom Uhorsku v&nbsp;chudobnej ro\u013en\u00edckej rodine. Z&nbsp;domu u\u0161iel s&nbsp;partiou drot\u00e1rov. Jeho cesty nie s\u00fa zn\u00e1me. Do Bostonu pripl\u00e1val v&nbsp;roku 1857 z&nbsp;Hamburgu. L\u00e1ska k&nbsp;alkoholu  a&nbsp;hazardu ho neraz priviedla do rozporu so z\u00e1konom. Aj preto sa pre neho Boston stal po nieko\u013ek\u00fdch mesiacoch pr\u00edli\u0161 nebezpe\u010dn\u00fd. Nakoniec sa vydal po pobre\u017e\u00ed dole na juh. V\u0161ade kam pri\u0161iel sa hist\u00f3ria opakovala. Okrem alkoholu a&nbsp;hazardu sa v\u0161ak k&nbsp;tomu pridali r\u00f4zne kr\u00e1de\u017ee a&nbsp;<a href=\"http:\/\/people.fberg.tuke.sk\/samov\/html\/kupliarstvo.html\" target=\"_blank\" rel=\"noopener\">kupliarstvo<\/a>. Najdlh\u0161ie sa us\u00eddlil v&nbsp;Richmonde. No ani tu sa jeho \u017eivot nezlep\u0161il. Dalo by sa poveda\u0165, \u017ee e\u0161te viac pil a&nbsp;hral. Neraz ho bolo vidie\u0165 le\u017ea\u0165 opit\u00e9ho v&nbsp;blate pri saloone. Tu ho na\u0161iel aj star\u00fd baptista Johan Harsting. Nalo\u017eil ho na svoj voz a&nbsp;odviezol ho do z\u00e1padnej Virginie do Upshersk\u00e9ho okresu. Sna\u017eil sa z&nbsp;neho vyhna\u0165 diabla tvrdou pr\u00e1cou a&nbsp;nie raz aj bi\u010dom. Johan bol zarit\u00fd abolicionista a&nbsp;\u010dlen podzemnej \u017eeleznice. Pr\u00e1ve tu Geffy znen\u00e1videl \u010dernochov, na ktor\u00fdch pod\u013ea neho on musel drie\u0165. Ke\u010f vypukla vojna, v&nbsp;noci farmu zap\u00e1lil. Skr\u00fdval sa v&nbsp;okol\u00ed, a\u017e narazil na verbova\u010dov do konfedera\u010dnej arm\u00e1dy, ku ktor\u00fdm sa pridal. Tak narukoval k&nbsp;25th&nbsp;Virginia infantry.<\/p>\n","protected":false},"excerpt":{"rendered":"<p>Narodil sa v&nbsp;Hornom Uhorsku v&nbsp;chudobnej ro\u013en\u00edckej rodine. Z&nbsp;domu u\u0161iel s&nbsp;partiou drot\u00e1rov. Jeho cesty nie s\u00fa zn\u00e1me. Do Bostonu pripl\u00e1val v&nbsp;roku 1857 z&nbsp;Hamburgu. L\u00e1ska k&nbsp;alkoholu a&nbsp;hazardu ho neraz priviedla do rozporu so z\u00e1konom. Aj preto sa pre neho Boston stal po nieko\u013ek\u00fdch mesiacoch pr\u00edli\u0161 nebezpe\u010dn\u00fd. Nakoniec sa vydal po pobre\u017e\u00ed dole na juh. V\u0161ade kam pri\u0161iel&hellip; <a class=\"more-link\" href=\"https:\/\/people.fberg.tuke.sk\/samov\/index.php\/geffy-2\/\">Continue reading <span class=\"screen-reader-text\">Geffy<\/span><\/a><\/p>\n","protected":false},"author":1,"featured_media":0,"parent":0,"menu_order":0,"comment_status":"closed","ping_status":"closed","template":"","meta":{"ngg_post_thumbnail":0},"_links":{"self":[{"href":"https:\/\/people.fberg.tuke.sk\/samov\/index.php\/wp-json\/wp\/v2\/pages\/94"}],"collection":[{"href":"https:\/\/people.fberg.tuke.sk\/samov\/index.php\/wp-json\/wp\/v2\/pages"}],"about":[{"href":"https:\/\/people.fberg.tuke.sk\/samov\/index.php\/wp-json\/wp\/v2\/types\/page"}],"author":[{"embeddable":true,"href":"https:\/\/people.fberg.tuke.sk\/samov\/index.php\/wp-json\/wp\/v2\/users\/1"}],"replies":[{"embeddable":true,"href":"https:\/\/people.fberg.tuke.sk\/samov\/index.php\/wp-json\/wp\/v2\/comments?post=94"}],"version-history":[{"count":6,"href":"https:\/\/people.fberg.tuke.sk\/samov\/index.php\/wp-json\/wp\/v2\/pages\/94\/revisions"}],"predecessor-version":[{"id":2097,"href":"https:\/\/people.fberg.tuke.sk\/samov\/index.php\/wp-json\/wp\/v2\/pages\/94\/revisions\/2097"}],"wp:attachment":[{"href":"https:\/\/people.fberg.tuke.sk\/samov\/index.php\/wp-json\/wp\/v2\/media?parent=94"}],"curies":[{"name":"wp","href":"https:\/\/api.w.org\/{rel}","templated":true}]}}