{"id":96,"date":"2021-02-04T21:43:52","date_gmt":"2021-02-04T20:43:52","guid":{"rendered":"http:\/\/people.fberg.tuke.sk\/samov\/?page_id=96"},"modified":"2021-02-05T11:06:06","modified_gmt":"2021-02-05T10:06:06","slug":"d-j-gelo","status":"publish","type":"page","link":"https:\/\/people.fberg.tuke.sk\/samov\/index.php\/d-j-gelo\/","title":{"rendered":"D.J. Gelo"},"content":{"rendered":"<p><img style=\"width: 250px; height: 306px; float: left; margin-right: 1em\" alt=\"D.J. Gelo\" src=\"http:\/\/people.fberg.tuke.sk\/samov\/wp-content\/uploads\/2021\/02\/gelo.jpeg\"><\/p>\n<p>Miesto a d\u00e1tum jeho narodenia s\u00fa nejasn\u00e9. Nie je ani jasn\u00e9, kedy jeho predkovia pri\u0161li do Ameriky. Jasn\u00fd je len peniaz, ktor\u00fd si str\u00e1\u017ei ako oko v&nbsp;hlave. Je to minca z&nbsp;roku 277 p.n.l., je na nej vyobrazen\u00fd Gelo&nbsp;II., kr\u00e1\u013e Syrak\u00faz. Predpoklad\u00e1 sa, \u017ee jeho pradedo pri\u0161iel niekedy po\u010das vojny za nez\u00e1vislos\u0165 ako obchodn\u00edk do Louisiany zo Sic\u00edlskeho Kr\u00e1\u013eovstva, ktor\u00e9 v&nbsp;roku 1780 vyhl\u00e1silo ozbrojen\u00fa neutraltu proti ka\u017ed\u00e9mu, kto ohroz\u00ed jej obchod. Po odk\u00fapen\u00ed&nbsp;Louisiany Spojen\u00fdmi \u0161t\u00e1tmi jeho otec pokracoval v&nbsp;obchode so star\u00fdm kontinentom. Kedy a&nbsp;kde sa stratil, \u010di na indi\u00e1nskom \u00fazem\u00ed, alebo sa stal obe\u0165ou pir\u00e1tov na mori, nevedno. Z\u00e1hadou ost\u00e1va aj to, ako sa dostal mlad\u00fd D.J. do Richmondu.<\/p>\n<p>Fotograf J.T.&nbsp;Smith spom\u00edna, ako jedn\u00e9ho d\u0148a zbadal chlapca pred v\u00fdkladom svojho konkurenta a suseda G.W.&nbsp;Minnisa z&nbsp;215-tej Main Street, ako si so z\u00e1ujmom prezer\u00e1 fotografie vo v\u00fdklade. Prihovoril sa mu, ale chlapec, hoci sa zdalo, \u017ee porozumel, moc toho po anglicky nepovedal. Ke\u010f sa v\u0161ak ubezpe\u010dil, \u017ee chlapec vlastne nikomu nech\u00fdba, zamestnal ho u&nbsp;seba ako pomocn\u00edka.<\/p>\n<p>Sp\u00e1val priamo v&nbsp;ateli\u00e9ri na 217. Main, tak\u017ee bol z\u00e1rove\u0148 aj nie\u010do ako no\u010dn\u00fd str\u00e1\u017enik. Naj\u010dastej\u0161ou pr\u00e1cou bolo chodi\u0165 po chemik\u00e1lie do laborat\u00f3ria ku Edwardovi T.&nbsp;Finchovi na 184. Main. Tu sa Gelo nau\u010dil pripravova\u0165 roztoky na spracovanie fotografi\u00ed. Druhou \u010dastou pr\u00e1cou boli n\u00e1v\u0161tevy optiky Mitchell&amp;Tyler na 108. Main a Belviderovej Manufakt\u00farnej spolo\u010dnosti na v\u00fdrobu papiera na rohu \u00f4smej a&nbsp;Arch. Najob\u013e\u00fabenej\u0161ou pr\u00e1cou v\u0161ak bolo rozn\u00e1\u0161a\u0165 hotov\u00e9 fotografie z\u00e1kazn\u00edkom. Boli to zv\u00e4\u010d\u0161a rodinn\u00e9 fotografie. Tak sa stalo, \u017ee spoznal mnoho rod\u00edn v&nbsp;Richmonde. Bol \u010dast\u00fdm n\u00e1v\u0161tevn\u00edkom na r\u00f4znych plesoch a&nbsp;oficialit\u00e1ch, kde doprev\u00e1dzal svojho majstra ako pomocn\u00edk fotografa. Vo\u013en\u00e9 chv\u00edle tr\u00e1vil v&nbsp;billiardovom saloone M.G.&nbsp;Whitmana na rohu Main a&nbsp;14-tej. Billiardu sa v\u0161ak ve\u013emi nevenoval.<\/p>\n<p>Ke\u010f podr\u00e1stol a&nbsp;dorastaj\u00faci Smithovi synovia prevzali jeho pr\u00e1cu, zamestnal sa ako str\u00e1\u017enik a&nbsp;pomocn\u00fd robotn\u00edk v&nbsp;Mechanickom In\u0161tit\u00fate. Bolo to na 9-tej ulici, medzi Main a&nbsp;Franklinovou ulicou, s&nbsp;v\u00fdh\u013eadom na vl\u00e1dny Capitol. Na pamiatku dostal od J.T.&nbsp;Smitha star\u0161\u00ed fotoapar\u00e1t a pr\u00eds\u013eub, \u017ee na jeho fotografie, ak bud\u00fa za to st\u00e1\u0165, mu zo\u017eenie kupcov. Zl\u00e1kali ho dia\u013eky.<\/p>\n<p>Tak Gelo ob\u0165a\u017ekan\u00fd fotografickou technikou za\u010dal pracova\u0165 ako pomocn\u00fd robotn\u00edk na \u017eeleznici. Precestoval skoro v\u0161etky \u017eelezni\u010dn\u00e9 trate v&nbsp;ju\u017en\u00fdch \u0161t\u00e1toch. Po vypuknut\u00ed vojny kontrolu nad \u017eeleznicou prevzala arm\u00e1da. Nebolo o&nbsp;\u010dom dlho prem\u00fd\u0161\u013ea\u0165, dal sa zverbova\u0165 k&nbsp;25.&nbsp;pe\u0161iemu Virg\u00ednskemu.<\/p>\n","protected":false},"excerpt":{"rendered":"<p>Miesto a d\u00e1tum jeho narodenia s\u00fa nejasn\u00e9. Nie je ani jasn\u00e9, kedy jeho predkovia pri\u0161li do Ameriky. Jasn\u00fd je len peniaz, ktor\u00fd si str\u00e1\u017ei ako oko v&nbsp;hlave. Je to minca z&nbsp;roku 277 p.n.l., je na nej vyobrazen\u00fd Gelo&nbsp;II., kr\u00e1\u013e Syrak\u00faz. Predpoklad\u00e1 sa, \u017ee jeho pradedo pri\u0161iel niekedy po\u010das vojny za nez\u00e1vislos\u0165 ako obchodn\u00edk do Louisiany&hellip; <a class=\"more-link\" href=\"https:\/\/people.fberg.tuke.sk\/samov\/index.php\/d-j-gelo\/\">Continue reading <span class=\"screen-reader-text\">D.J. Gelo<\/span><\/a><\/p>\n","protected":false},"author":1,"featured_media":0,"parent":0,"menu_order":0,"comment_status":"closed","ping_status":"closed","template":"","meta":{"ngg_post_thumbnail":0},"_links":{"self":[{"href":"https:\/\/people.fberg.tuke.sk\/samov\/index.php\/wp-json\/wp\/v2\/pages\/96"}],"collection":[{"href":"https:\/\/people.fberg.tuke.sk\/samov\/index.php\/wp-json\/wp\/v2\/pages"}],"about":[{"href":"https:\/\/people.fberg.tuke.sk\/samov\/index.php\/wp-json\/wp\/v2\/types\/page"}],"author":[{"embeddable":true,"href":"https:\/\/people.fberg.tuke.sk\/samov\/index.php\/wp-json\/wp\/v2\/users\/1"}],"replies":[{"embeddable":true,"href":"https:\/\/people.fberg.tuke.sk\/samov\/index.php\/wp-json\/wp\/v2\/comments?post=96"}],"version-history":[{"count":8,"href":"https:\/\/people.fberg.tuke.sk\/samov\/index.php\/wp-json\/wp\/v2\/pages\/96\/revisions"}],"predecessor-version":[{"id":161,"href":"https:\/\/people.fberg.tuke.sk\/samov\/index.php\/wp-json\/wp\/v2\/pages\/96\/revisions\/161"}],"wp:attachment":[{"href":"https:\/\/people.fberg.tuke.sk\/samov\/index.php\/wp-json\/wp\/v2\/media?parent=96"}],"curies":[{"name":"wp","href":"https:\/\/api.w.org\/{rel}","templated":true}]}}