{"id":98,"date":"2021-02-04T21:46:13","date_gmt":"2021-02-04T20:46:13","guid":{"rendered":"http:\/\/people.fberg.tuke.sk\/samov\/?page_id=98"},"modified":"2021-02-05T11:12:24","modified_gmt":"2021-02-05T10:12:24","slug":"sali-2","status":"publish","type":"page","link":"https:\/\/people.fberg.tuke.sk\/samov\/index.php\/sali-2\/","title":{"rendered":"Sali"},"content":{"rendered":"<p><img style=\"width: 250px; height: 400px; float: left; margin-right: 1em\" alt=\"Sali\" src=\"http:\/\/people.fberg.tuke.sk\/samov\/wp-content\/uploads\/2021\/02\/sali.jpeg\"><\/p>\n<p>Sali sa narodil roku v&nbsp;1835 v&nbsp;rak\u00faskouhorskom meste Brunn. Jeho otec, vojak, sa ho sna\u017eil vychov\u00e1va\u0165 pod\u013ea vojensk\u00fdch predpisov. Od mala pracoval na rodinnom pol\u00ed\u010dku, ale otec sa nakoniec rozhodol, \u017ee ho posle \u0161tudova\u0165.<\/p>\n<p>Po \u0161t\u00fadiu sa mlad\u00fd Sali stal po\u0161tmajstrom v&nbsp;Uhorskom meste Cassa, kde sa za\u013e\u00fabil do kr\u00e1snej dc\u00e9ry plukovn\u00edka miestnej vojenskej pos\u00e1dky. Jeho l\u00e1ska bola Op\u00e4tovan\u00e1, ale osud chcel inak. Otec jeho milej bol penzionovan\u00fd a&nbsp;prijal pozvanie od priate\u013ea do spojen\u00fdch \u0161t\u00e1tov. Samozrejme, vzal so sebov aj cel\u00fa rodinu. Sali o&nbsp;nich viac nepo\u010dul. Nez\u00fafal v\u0161ak. Zobral svoje \u0165azko na\u0161etren\u00e9 \u00faspory a&nbsp;vydal sa na plavbu do \u0161t\u00e1tov za svojou milovanou.<\/p>\n<p>To, \u010do videl po vyloden\u00ed, ho ohromilo. Tie domy, davy \u013eud\u00ed a&nbsp;zmes jazykov, ktor\u00fdm nerozumel. Asi by bol do\u010dista straten\u00fd, ke\u010f tu za\u010dul zop\u00e1r pr\u00edstavn\u00fdch robotn\u00edkov, ako sa dohov\u00e1raj\u00fa jeho jazykom. Hne\u010f sa s nimi dal do re\u010di. Pomohli mu n\u00e1js\u0165 si pr\u00e1cu a&nbsp;trochu sa zorientova\u0165 v&nbsp;novom prostred\u00ed. Samozrejme nezabudol pre\u010do sem pri\u0161iel. Po \u010dase sa za\u010dal vypytova\u0165 a&nbsp;mal \u0161tastie. V\u0161etky stopy ukazovali na juh &#8211; k&nbsp;Richmondu. Tam u\u017e nebolo \u0165a\u017ek\u00e9 n\u00e1js\u0165 rodinu svojej milovanej. Ve\u013ek\u00e9 v\u0161ak bolo jeho sklamanie, ke\u010f zistil, \u017ee jeho l\u00e1ska sa musela vyda\u0165 za bohat\u00e9ho obchodn\u00edka s&nbsp;tabakom. Od tej doby ho omrzel \u017eivot.<\/p>\n<p>A\u017e jedn\u00e9ho d\u0148a zapo\u010dul v\u00edrenie bubnov. To arm\u00e1da volala mlad\u00edkov do zbrane. Ni\u010d viac nebolo treba. Aspo\u0148 otec bude ma\u0165 rados\u0165, \u017ee jeho syn zahynul ako stato\u010dn\u00fd vojak&#8230;.<\/p>\n","protected":false},"excerpt":{"rendered":"<p>Sali sa narodil roku v&nbsp;1835 v&nbsp;rak\u00faskouhorskom meste Brunn. Jeho otec, vojak, sa ho sna\u017eil vychov\u00e1va\u0165 pod\u013ea vojensk\u00fdch predpisov. Od mala pracoval na rodinnom pol\u00ed\u010dku, ale otec sa nakoniec rozhodol, \u017ee ho posle \u0161tudova\u0165. Po \u0161t\u00fadiu sa mlad\u00fd Sali stal po\u0161tmajstrom v&nbsp;Uhorskom meste Cassa, kde sa za\u013e\u00fabil do kr\u00e1snej dc\u00e9ry plukovn\u00edka miestnej vojenskej pos\u00e1dky. Jeho l\u00e1ska&hellip; <a class=\"more-link\" href=\"https:\/\/people.fberg.tuke.sk\/samov\/index.php\/sali-2\/\">Continue reading <span class=\"screen-reader-text\">Sali<\/span><\/a><\/p>\n","protected":false},"author":1,"featured_media":0,"parent":0,"menu_order":0,"comment_status":"closed","ping_status":"closed","template":"","meta":{"ngg_post_thumbnail":0},"_links":{"self":[{"href":"https:\/\/people.fberg.tuke.sk\/samov\/index.php\/wp-json\/wp\/v2\/pages\/98"}],"collection":[{"href":"https:\/\/people.fberg.tuke.sk\/samov\/index.php\/wp-json\/wp\/v2\/pages"}],"about":[{"href":"https:\/\/people.fberg.tuke.sk\/samov\/index.php\/wp-json\/wp\/v2\/types\/page"}],"author":[{"embeddable":true,"href":"https:\/\/people.fberg.tuke.sk\/samov\/index.php\/wp-json\/wp\/v2\/users\/1"}],"replies":[{"embeddable":true,"href":"https:\/\/people.fberg.tuke.sk\/samov\/index.php\/wp-json\/wp\/v2\/comments?post=98"}],"version-history":[{"count":4,"href":"https:\/\/people.fberg.tuke.sk\/samov\/index.php\/wp-json\/wp\/v2\/pages\/98\/revisions"}],"predecessor-version":[{"id":168,"href":"https:\/\/people.fberg.tuke.sk\/samov\/index.php\/wp-json\/wp\/v2\/pages\/98\/revisions\/168"}],"wp:attachment":[{"href":"https:\/\/people.fberg.tuke.sk\/samov\/index.php\/wp-json\/wp\/v2\/media?parent=98"}],"curies":[{"name":"wp","href":"https:\/\/api.w.org\/{rel}","templated":true}]}}